{"id":82,"date":"2017-06-21T17:01:57","date_gmt":"2017-06-22T00:01:57","guid":{"rendered":"http:\/\/pato.ac\/?page_id=82"},"modified":"2023-01-27T13:29:02","modified_gmt":"2023-01-27T21:29:02","slug":"contact","status":"publish","type":"page","link":"https:\/\/pato.ac\/index.php\/contact\/","title":{"rendered":"Team &#038; contacts"},"content":{"rendered":"<p>To contact us about PATO : admin@pato.ac<\/p>\n<p>PATO was originally developed in 2009 by a team of researchers at the NASA Ames Research Center (ARC, California) in collaboration with colleagues from the von Karman Institute for Fluid Dynamics (VKI, Belgium). The active development of the code continues in collaboration with a group at the University of Bordeaux (I2M, Bordeaux) and with a community of users and contributors that believe in Open Source (thank you !).<\/p>\n<p>Main developers : J\u00e9r\u00e9mie Meurisse (ARC), <a href=\"http:\/\/jeanlachaud.com\">Dr. Jean Lachaud<\/a> (I2M).<\/p>\n<p>Project management : J\u00e9r\u00e9mie Meurisse, Dr. Jean Lachaud, Dr. Nagi N. Mansour (Computational Physics LLC).<\/p>\n<p>Contributors : Pr. Thierry E. Magin (VKI), Dr. J. B. Scoggins (VKI, currently at NASA Langley), Dr. Vincent Leroy (VKI), Max D\u00f6pke (VKI), Mohamed Rebhi (VKI, I2M), Dr. John Lawless (Redwood Scientific Inc.), J\u00e9r\u00e9my Mora-Monteros (EPFL), <span class=\"list-item-name\">Alexis Andr\u00e9 (CEA)<\/span>, Dr. Cyril Levet (LCTS, I2M), Xavier Lamboley (LCTS), Marin Virey (ENSAM), Dr. Joshua Monk (ARC), Dr. Cyrille M\u00e9tayer (University of New Cal\u00e9donia), Joseph Ferguson (ARC), John Thornton (ARC), Dr. Vincent Le Maout (I2M, currently at University of Illinois), Dr. Francisco Torres-Herrador (VKI), <span class=\"list-item-name\">Marin Virey (I2M)<\/span>, Hermes Scandelli (I2M), Shaolin Liu (I2M), <span class=\"list-item-name\">Guillaume Bon (I2M), Dylan Gomesse (I2M), <\/span>J\u00e9r\u00e9my Chevalier (I2M\/CEA), Flora Lahouze (I2M), Bruno Barros Dias (ARC), Sergio Fraile Izquierdo (ARC), Georgios Bellas Chatzigeorgis (ARC).<\/p>\n<p>We would like to thank several colleagues and students for contributing to testing the code, reporting and\/or fixing bugs and helping us moving forward :\u00a0 Ali Omidy (University of Kentucky), Dr. Francesco Panerai (currently at UIUC), Kyle Hanquist (University of Michigan), Julien de Muelenaere (VKI\/ARC), Dr. Victor Pozzobon (Mines d&#8217;Albi), Florent Anstett (C la Vie), Nikhil Banerji (EPFL), Dr. Eric Stern (ARC), Pr. Pietro Congedo (INRIA Bordeaux), Micha\u00ebl Rivier (INRIA Bordeaux), <span class=\"list-item-name\">Xiaowen Qin (P prime), Pr. Franck Richard (P prime), Dr. Alessandro Turchi (VKI), Gregory Pinaud (ArianeGroup), Xavier Teiletche (ArianeGroup), Nathan Amrofel (I2M), In\u00e8s Oudumaya (I2M), Juliette Kerr (I2M), Andrea Fagnani (VKI), Xuefei Wang (CORIA), Pr. Alexis Coppalle (CORIA), Dr. Bruno Dubroca (LCTS\/CEA), Dr. Thanh-Ha N&#8217;Guyen Bui (LCTS\/CEA), Thomas Martinez (R-Tech), Dr. Safae Kellaly (P prime), Alexandre Vicard (ENSEGID), Olivier Atteia (ENSEGID), Brendan Gougnot (I2M), Cuong Dinh (P prime), Gabriel Roland (LCTS), Timoth\u00e9e Chastel (LCTS), Vishnu Oruganti (UIUC), Massimo Franco (UIUC), Marco Rotondi (La Sapienza).<br \/>\n<\/span><\/p>\n<p>The fruitful collaboration with Tom van Eekelen (Siemens), Pr. Alexandre Martin (University of Kentucky), Pr. Daniele Bianchi (La Sapienza), Dr. Bernie Laub (ARC) and\u00a0 Dr. Ioana Cozmuta (ARC) during the development of the Ablation Test-Cases was key in the initial testing and verification of the code.<\/p>\n<p>Finally, we would like to thank the OpenFoam community. In particular, Pr. Hrvoje Jasak and Dr. Henrik Rusche are gratefully acknowledged for their interest in PATO from the beginning and for their guidance during the second OpenFoam summer school (Numerical Modeling of Coupled Problems in Applied Physics with OpenFoam, Faculty of Mechanical Engineering and Naval Architecture, Zagreb, Croatia; 02\u201315 September 2009). PATO is currently based on OpenFOAM 7. Several lines of codes in PATO are inspired from tips and tricks found on forums and in OpenFoam-extend.<\/p>\n","protected":false},"excerpt":{"rendered":"<p>To contact us about PATO : admin@pato.ac PATO was originally developed in 2009 by a team of researchers at the NASA Ames Research Center (ARC, California) in collaboration with colleagues from the von Karman Institute for Fluid Dynamics (VKI, Belgium). The active development of the code continues in collaboration with a group at the University [&hellip;]<\/p>\n","protected":false},"author":2,"featured_media":0,"parent":0,"menu_order":0,"comment_status":"closed","ping_status":"closed","template":"","meta":[],"_links":{"self":[{"href":"https:\/\/pato.ac\/index.php\/wp-json\/wp\/v2\/pages\/82"}],"collection":[{"href":"https:\/\/pato.ac\/index.php\/wp-json\/wp\/v2\/pages"}],"about":[{"href":"https:\/\/pato.ac\/index.php\/wp-json\/wp\/v2\/types\/page"}],"author":[{"embeddable":true,"href":"https:\/\/pato.ac\/index.php\/wp-json\/wp\/v2\/users\/2"}],"replies":[{"embeddable":true,"href":"https:\/\/pato.ac\/index.php\/wp-json\/wp\/v2\/comments?post=82"}],"version-history":[{"count":32,"href":"https:\/\/pato.ac\/index.php\/wp-json\/wp\/v2\/pages\/82\/revisions"}],"predecessor-version":[{"id":510,"href":"https:\/\/pato.ac\/index.php\/wp-json\/wp\/v2\/pages\/82\/revisions\/510"}],"wp:attachment":[{"href":"https:\/\/pato.ac\/index.php\/wp-json\/wp\/v2\/media?parent=82"}],"curies":[{"name":"wp","href":"https:\/\/api.w.org\/{rel}","templated":true}]}}